{"id":778,"date":"2023-09-27T23:04:56","date_gmt":"2023-09-27T21:04:56","guid":{"rendered":"https:\/\/nmarchi.fr\/index.php\/acceuil\/"},"modified":"2025-04-02T18:58:18","modified_gmt":"2025-04-02T16:58:18","slug":"acceuil","status":"publish","type":"page","link":"https:\/\/nmarchi.fr\/","title":{"rendered":"Acceuil"},"content":{"rendered":"<!-- wp:themify-builder\/canvas \/-->\n\n\n<p><\/p>\n","protected":false},"excerpt":{"rendered":"","protected":false},"author":1,"featured_media":0,"parent":0,"menu_order":0,"comment_status":"closed","ping_status":"closed","template":"","meta":{"content-type":"","footnotes":""},"class_list":["post-778","page","type-page","status-publish","hentry","has-post-title","has-post-date","has-post-category","has-post-tag","has-post-comment","has-post-author",""],"yoast_head":"<!-- This site is optimized with the Yoast SEO plugin v21.3 - https:\/\/yoast.com\/wordpress\/plugins\/seo\/ -->\n<title>NMarchi - Votre agence d\u2019architecture int\u00e9rieure et de design en Occitanie<\/title>\n<meta name=\"description\" content=\"Votre agence d\u2019architecture int\u00e9rieure en Occitanie depuis 2013. L&#039;association de la fonctionnalit\u00e9 et de l&#039;originalit\u00e9 pour vos projets d&#039;am\u00e9nagement int\u00e9rieur\" \/>\n<meta name=\"robots\" content=\"index, follow, max-snippet:-1, max-image-preview:large, max-video-preview:-1\" \/>\n<link rel=\"canonical\" href=\"https:\/\/nmarchi.fr\/\" \/>\n<meta property=\"og:locale\" content=\"fr_FR\" \/>\n<meta property=\"og:type\" content=\"article\" \/>\n<meta property=\"og:title\" content=\"NMarchi - Votre agence d\u2019architecture d&#039;int\u00e9rieure et de design en Occitanie\" \/>\n<meta property=\"og:description\" content=\"Votre agence d\u2019architecture d&#039;int\u00e9rieure et de design en Occitanie depuis 2013. L&#039;association de la fonctionnalit\u00e9 et de l&#039;originalit\u00e9 pour vos projets d&#039;am\u00e9nagement et d&#039;agencement d&#039;int\u00e9rieur.\" \/>\n<meta property=\"og:url\" content=\"https:\/\/nmarchi.fr\/\" \/>\n<meta property=\"og:site_name\" content=\"NMarchi\" \/>\n<meta property=\"article:publisher\" content=\"https:\/\/www.facebook.com\/nadegearchitecte\/\" \/>\n<meta property=\"article:modified_time\" content=\"2025-04-02T16:58:18+00:00\" \/>\n<meta property=\"og:image\" content=\"http:\/\/nmarchi.fr\/wp-content\/uploads\/2023\/09\/logo-nmARCHI-bleu-c86M70J29N14.png\" \/>\n\t<meta property=\"og:image:width\" content=\"610\" \/>\n\t<meta property=\"og:image:height\" content=\"809\" \/>\n\t<meta property=\"og:image:type\" content=\"image\/png\" \/>\n<meta name=\"twitter:card\" content=\"summary_large_image\" \/>\n<script type=\"application\/ld+json\" class=\"yoast-schema-graph\">{\"@context\":\"https:\/\/schema.org\",\"@graph\":[{\"@type\":\"WebPage\",\"@id\":\"https:\/\/nmarchi.fr\/\",\"url\":\"https:\/\/nmarchi.fr\/\",\"name\":\"NMarchi - Votre agence d\u2019architecture int\u00e9rieure et de design en Occitanie\",\"isPartOf\":{\"@id\":\"https:\/\/nmarchi.fr\/#website\"},\"datePublished\":\"2023-09-27T21:04:56+00:00\",\"dateModified\":\"2025-04-02T16:58:18+00:00\",\"description\":\"Votre agence d\u2019architecture int\u00e9rieure en Occitanie depuis 2013. L'association de la fonctionnalit\u00e9 et de l'originalit\u00e9 pour vos projets d'am\u00e9nagement int\u00e9rieur\",\"breadcrumb\":{\"@id\":\"https:\/\/nmarchi.fr\/#breadcrumb\"},\"inLanguage\":\"fr-FR\",\"potentialAction\":[{\"@type\":\"ReadAction\",\"target\":[\"https:\/\/nmarchi.fr\/\"]}]},{\"@type\":\"BreadcrumbList\",\"@id\":\"https:\/\/nmarchi.fr\/#breadcrumb\",\"itemListElement\":[{\"@type\":\"ListItem\",\"position\":1,\"name\":\"Accueil\",\"item\":\"https:\/\/nmarchi.fr\/\"},{\"@type\":\"ListItem\",\"position\":2,\"name\":\"Acceuil\"}]},{\"@type\":\"WebSite\",\"@id\":\"https:\/\/nmarchi.fr\/#website\",\"url\":\"https:\/\/nmarchi.fr\/\",\"name\":\"NMarchi\",\"description\":\"Esth\u00e9tique,\u00a0innovant, fonctionnel\",\"publisher\":{\"@id\":\"https:\/\/nmarchi.fr\/#organization\"},\"potentialAction\":[{\"@type\":\"SearchAction\",\"target\":{\"@type\":\"EntryPoint\",\"urlTemplate\":\"https:\/\/nmarchi.fr\/?s={search_term_string}\"},\"query-input\":\"required name=search_term_string\"}],\"inLanguage\":\"fr-FR\"},{\"@type\":\"Organization\",\"@id\":\"https:\/\/nmarchi.fr\/#organization\",\"name\":\"NM architecture & design\",\"url\":\"https:\/\/nmarchi.fr\/\",\"logo\":{\"@type\":\"ImageObject\",\"inLanguage\":\"fr-FR\",\"@id\":\"https:\/\/nmarchi.fr\/#\/schema\/logo\/image\/\",\"url\":\"https:\/\/nmarchi.fr\/wp-content\/uploads\/2023\/09\/logo-nmARCHI-bleu-c86M70J29N14.png\",\"contentUrl\":\"https:\/\/nmarchi.fr\/wp-content\/uploads\/2023\/09\/logo-nmARCHI-bleu-c86M70J29N14.png\",\"width\":610,\"height\":809,\"caption\":\"NM architecture & design\"},\"image\":{\"@id\":\"https:\/\/nmarchi.fr\/#\/schema\/logo\/image\/\"},\"sameAs\":[\"https:\/\/www.facebook.com\/nadegearchitecte\/\",\"https:\/\/www.linkedin.com\/in\/nadge-maon-80519998\/\",\"https:\/\/www.instagram.com\/nade.maion\/\"]}]}<\/script>\n<!-- \/ Yoast SEO plugin. -->","yoast_head_json":{"title":"NMarchi - Votre agence d\u2019architecture int\u00e9rieure et de design en Occitanie","description":"Votre agence d\u2019architecture int\u00e9rieure en Occitanie depuis 2013. L'association de la fonctionnalit\u00e9 et de l'originalit\u00e9 pour vos projets d'am\u00e9nagement int\u00e9rieur","robots":{"index":"index","follow":"follow","max-snippet":"max-snippet:-1","max-image-preview":"max-image-preview:large","max-video-preview":"max-video-preview:-1"},"canonical":"https:\/\/nmarchi.fr\/","og_locale":"fr_FR","og_type":"article","og_title":"NMarchi - Votre agence d\u2019architecture d'int\u00e9rieure et de design en Occitanie","og_description":"Votre agence d\u2019architecture d'int\u00e9rieure et de design en Occitanie depuis 2013. L'association de la fonctionnalit\u00e9 et de l'originalit\u00e9 pour vos projets d'am\u00e9nagement et d'agencement d'int\u00e9rieur.","og_url":"https:\/\/nmarchi.fr\/","og_site_name":"NMarchi","article_publisher":"https:\/\/www.facebook.com\/nadegearchitecte\/","article_modified_time":"2025-04-02T16:58:18+00:00","og_image":[{"width":610,"height":809,"url":"http:\/\/nmarchi.fr\/wp-content\/uploads\/2023\/09\/logo-nmARCHI-bleu-c86M70J29N14.png","type":"image\/png"}],"twitter_card":"summary_large_image","schema":{"@context":"https:\/\/schema.org","@graph":[{"@type":"WebPage","@id":"https:\/\/nmarchi.fr\/","url":"https:\/\/nmarchi.fr\/","name":"NMarchi - Votre agence d\u2019architecture int\u00e9rieure et de design en Occitanie","isPartOf":{"@id":"https:\/\/nmarchi.fr\/#website"},"datePublished":"2023-09-27T21:04:56+00:00","dateModified":"2025-04-02T16:58:18+00:00","description":"Votre agence d\u2019architecture int\u00e9rieure en Occitanie depuis 2013. L'association de la fonctionnalit\u00e9 et de l'originalit\u00e9 pour vos projets d'am\u00e9nagement int\u00e9rieur","breadcrumb":{"@id":"https:\/\/nmarchi.fr\/#breadcrumb"},"inLanguage":"fr-FR","potentialAction":[{"@type":"ReadAction","target":["https:\/\/nmarchi.fr\/"]}]},{"@type":"BreadcrumbList","@id":"https:\/\/nmarchi.fr\/#breadcrumb","itemListElement":[{"@type":"ListItem","position":1,"name":"Accueil","item":"https:\/\/nmarchi.fr\/"},{"@type":"ListItem","position":2,"name":"Acceuil"}]},{"@type":"WebSite","@id":"https:\/\/nmarchi.fr\/#website","url":"https:\/\/nmarchi.fr\/","name":"NMarchi","description":"Esth\u00e9tique,\u00a0innovant, fonctionnel","publisher":{"@id":"https:\/\/nmarchi.fr\/#organization"},"potentialAction":[{"@type":"SearchAction","target":{"@type":"EntryPoint","urlTemplate":"https:\/\/nmarchi.fr\/?s={search_term_string}"},"query-input":"required name=search_term_string"}],"inLanguage":"fr-FR"},{"@type":"Organization","@id":"https:\/\/nmarchi.fr\/#organization","name":"NM architecture & design","url":"https:\/\/nmarchi.fr\/","logo":{"@type":"ImageObject","inLanguage":"fr-FR","@id":"https:\/\/nmarchi.fr\/#\/schema\/logo\/image\/","url":"https:\/\/nmarchi.fr\/wp-content\/uploads\/2023\/09\/logo-nmARCHI-bleu-c86M70J29N14.png","contentUrl":"https:\/\/nmarchi.fr\/wp-content\/uploads\/2023\/09\/logo-nmARCHI-bleu-c86M70J29N14.png","width":610,"height":809,"caption":"NM architecture & design"},"image":{"@id":"https:\/\/nmarchi.fr\/#\/schema\/logo\/image\/"},"sameAs":["https:\/\/www.facebook.com\/nadegearchitecte\/","https:\/\/www.linkedin.com\/in\/nadge-maon-80519998\/","https:\/\/www.instagram.com\/nade.maion\/"]}]}},"builder_content":"<h4 style=\"text-align: center;\"><strong>Esth\u00e9tique<\/strong>\u00a0 i\u00a0 <strong>innovant<\/strong>\u00a0 i\u00a0 <strong>fonctionnel<\/strong><\/h4>\n<a href=\"#About\"> <em style=\"background-color:#ffffff;color:#324c74\"><svg aria-hidden=\"true\"><use href=\"#tf-la-arrow-down-solid\"><\/use><\/svg><\/em> Icon label <\/a>\n\n<img src=\"http:\/\/nmarchi.fr\/wp-content\/uploads\/2023\/09\/staging-b-600x550-1.jpg\" width=\"428\" height=\"550\" title=\"Acceuil\" alt=\"Acceuil\">\n<h3>Votre agence d\u2019architecture int\u00e9rieure en Occitanie depuis 2013<\/h3> <p>L'association de la fonctionnalit\u00e9 et de l'originalit\u00e9 permet de transfigurer vos projets d\u2019agencement et am\u00e9nagement int\u00e9rieur en produit artistique.<\/p> <p>NM sont mes initiales, Nad\u00e8ge Ma\u00efon, mais c\u2019est aussi Nimes et Montpellier. En effet, situ\u00e9e \u00e0 \u00e9quidistance entre ses deux villes, je me d\u00e9place dans tout le sud-ouest, au service des professionnels et des particuliers.<\/p>\n<a href=\"#Nadege\"> <em style=\"background-color:rgba(255,255,255, 0);color:#ffffff\"><svg aria-hidden=\"true\"><use href=\"#tf-la-arrow-down-solid\"><\/use><\/svg><\/em> Icon label <\/a>\n<h2>Nad\u00e8ge Ma\u00efon<br\/>Concepteur Designer<\/h2>\n<p>\u00c9picurienne, passionn\u00e9e d\u2019art en g\u00e9n\u00e9rale et d\u2019art culinaire en particulier, danseuse classique et contemporaine d\u00e8s son plus jeune \u00e2ge, l'alliance de la rigueur, du beau et du bon, avec comme philosophie privil\u00e9gier la notion de plaisir dans sa vie personnelle comme dans son travail.<\/p> <p>Dipl\u00f4m\u00e9e d\u2019un master en arts (Dipl\u00f4me National Sup\u00e9rieur d'Expression Plastique) \u00e0 l'\u00c9cole des Beaux-Arts et d\u2019une certification professionnelle d'am\u00e9nageur d'espace int\u00e9rieur permettent de lier capacit\u00e9 imaginative \u00e0 celle technique.<\/p> <p>L'association de la fonctionnalit\u00e9 et de l'originalit\u00e9 permet de transfigurer une simple cuisine en produit artistique.<\/p> <p>Situ\u00e9e \u00e0 \u00e9quidistance entre N\u00eemes et Montpellier, architecte d'int\u00e9rieur depuis plus de dix ans, des passions, un parcours et une exp\u00e9rience qui conduisent tout naturellement \u00e0 l\u2019architecture de la cuisine.<\/p>\n<a href=\"#Process\"> <em style=\"background-color:#ffffff;color:#2e2e2e\"><svg aria-hidden=\"true\"><use href=\"#tf-la-arrow-down-solid\"><\/use><\/svg><\/em> Icon label <\/a>\n<h3 style=\"text-align: left;\">Le process<\/h3>\n<h3>Contact<\/h3>\n<img src=\"https:\/\/nmarchi.fr\/wp-content\/uploads\/2023\/09\/information-image-570x546-1-570x546.jpg\" width=\"570\" height=\"546\" title=\"information-image-570x546-1\" alt=\"information-image-570x546-1\" srcset=\"https:\/\/nmarchi.fr\/wp-content\/uploads\/2023\/09\/information-image-570x546-1.jpg 570w, https:\/\/nmarchi.fr\/wp-content\/uploads\/2023\/09\/information-image-570x546-1-300x287.jpg 300w\" sizes=\"(max-width: 570px) 100vw, 570px\" \/>\n<h4><b>Prenez rendez-vous d\u00e8s aujourd\u2019hui pour une visite conseil de 2H00, b\u00e9n\u00e9ficiez de conseils professionels et personalis\u00e9s.<\/b><\/h4>\n<h4><b>Nad\u00e8ge Maion<\/b><\/h4> <p><b>Concepteur-designer<\/b><\/p> <p>06 46 11 64 33<\/p> <p><a href=\"mailto:nadege.maion@gmail.com\">nadege.maion@gmail.com<\/a><\/p>\n<a href=\"https:\/\/www.facebook.com\/nadegearchitecte\/\" rel=\"noopener\" target=\"_blank\"> <em style=\"color:#ffffff\"><svg aria-hidden=\"true\"><use href=\"#tf-ti-facebook\"><\/use><\/svg><\/em> <\/a> <a href=\"https:\/\/www.linkedin.com\/in\/nad%C3%A8ge-ma%C3%AFon-80519998\/\" rel=\"noopener\" target=\"_blank\"> <em style=\"color:#ffffff\"><svg aria-hidden=\"true\"><use href=\"#tf-ti-linkedin\"><\/use><\/svg><\/em> <\/a> <a href=\"https:\/\/www.instagram.com\/nade.maion\/\"> <em style=\"color:#ffffff\"><svg aria-hidden=\"true\"><use href=\"#tf-fab-instagram\"><\/use><\/svg><\/em> <\/a>\n<p>\u00a9 2023 - <a href=\"https:\/\/nmarchi.fr\">nmarchi.fr<\/a> - Tous droits r\u00e9serv\u00e9s Nad\u00e8ge Ma\u00efon - <a href=\"https:\/\/nmarchi.fr\/index.php\/mentions\/\">Mentions l\u00e9gales<\/a> - Conception <a href=\"https:\/\/www.instagram.com\/elce_journey\/\">El\u00e7\u00e9<\/a> &amp; Design graphique <a href=\"https:\/\/cssjpg.com\">cssJPG<\/a><\/p>","_links":{"self":[{"href":"https:\/\/nmarchi.fr\/index.php?rest_route=\/wp\/v2\/pages\/778","targetHints":{"allow":["GET"]}}],"collection":[{"href":"https:\/\/nmarchi.fr\/index.php?rest_route=\/wp\/v2\/pages"}],"about":[{"href":"https:\/\/nmarchi.fr\/index.php?rest_route=\/wp\/v2\/types\/page"}],"author":[{"embeddable":true,"href":"https:\/\/nmarchi.fr\/index.php?rest_route=\/wp\/v2\/users\/1"}],"replies":[{"embeddable":true,"href":"https:\/\/nmarchi.fr\/index.php?rest_route=%2Fwp%2Fv2%2Fcomments&post=778"}],"version-history":[{"count":77,"href":"https:\/\/nmarchi.fr\/index.php?rest_route=\/wp\/v2\/pages\/778\/revisions"}],"predecessor-version":[{"id":919,"href":"https:\/\/nmarchi.fr\/index.php?rest_route=\/wp\/v2\/pages\/778\/revisions\/919"}],"wp:attachment":[{"href":"https:\/\/nmarchi.fr\/index.php?rest_route=%2Fwp%2Fv2%2Fmedia&parent=778"}],"curies":[{"name":"wp","href":"https:\/\/api.w.org\/{rel}","templated":true}]}}